{"id":5595,"date":"2024-07-04T19:42:11","date_gmt":"2024-07-04T11:42:11","guid":{"rendered":"https:\/\/hobertek.com\/?page_id=5595"},"modified":"2024-07-04T19:42:14","modified_gmt":"2024-07-04T11:42:14","slug":"cookies-policy","status":"publish","type":"page","link":"https:\/\/hobertek.com\/es\/cookies-policy\/","title":{"rendered":"Pol\u00edtica de cookies"},"content":{"rendered":"<p>\u00daltima actualizaci\u00f3n: 20240704<\/p>\n\n\n\n<p>Hober utiliza cookies en el sitio web hobertek.com (el \u201cServicio\u201d). Al utilizar el Servicio, usted acepta el uso de cookies.<\/p>\n\n\n\n<p>Nuestra Pol\u00edtica de cookies explica qu\u00e9 son las cookies, c\u00f3mo las utilizamos, c\u00f3mo los terceros con los que podemos asociarnos pueden utilizar las cookies en el Servicio, sus opciones con respecto a las cookies y m\u00e1s informaci\u00f3n sobre las cookies.<\/p>\n\n\n\n<h2 class=\"wp-block-heading\">\u00bfQu\u00e9 son las galletas?<\/h2>\n\n\n\n<p>Las cookies son peque\u00f1os fragmentos de texto enviados por su navegador web por un sitio web que visita. Un archivo cookie se almacena en su navegador web y permite que el Servicio o un tercero lo reconozca y haga que su pr\u00f3xima visita sea m\u00e1s f\u00e1cil y que el Servicio le resulte m\u00e1s \u00fatil.<\/p>\n\n\n\n<p>Las cookies pueden ser cookies \u201cpersistentes\u201d o de \u201csesi\u00f3n\u201d. Las cookies persistentes permanecen en su computadora personal o dispositivo m\u00f3vil cuando se desconecta, mientras que las cookies de sesi\u00f3n se eliminan tan pronto como cierra su navegador web.<\/p>\n\n\n\n<h2 class=\"wp-block-heading\">C\u00f3mo utiliza hober las cookies<\/h2>\n\n\n\n<p>Cuando utiliza y accede al Servicio, podemos colocar varios archivos de cookies en su navegador web.<\/p>\n\n\n\n<p>Utilizamos cookies para los siguientes prop\u00f3sitos:<\/p>\n\n\n\n<ul class=\"wp-block-list\">\n<li>Para habilitar ciertas funciones del Servicio<\/li>\n\n\n\n<li>Para proporcionar an\u00e1lisis<\/li>\n\n\n\n<li>Para almacenar tus preferencias<\/li>\n\n\n\n<li>Para permitir la entrega de anuncios, incluida la publicidad comportamental.<\/li>\n<\/ul>\n\n\n\n<h2 class=\"wp-block-heading\">\u00bfCu\u00e1les son sus opciones con respecto a las cookies?<\/h2>\n\n\n\n<p>Si desea eliminar las cookies o indicarle a su navegador web que elimine o rechace las cookies, visite las p\u00e1ginas de ayuda de su navegador web.<\/p>\n\n\n\n<p>Sin embargo, tenga en cuenta que si elimina las cookies o se niega a aceptarlas, es posible que no pueda utilizar todas las funciones que ofrecemos, que no pueda almacenar sus preferencias y que algunas de nuestras p\u00e1ginas no se muestren correctamente.<\/p>\n\n\n\n<ul class=\"wp-block-list\">\n<li>Para el navegador web Chrome, visite esta p\u00e1gina de Google: <a href=\"https:\/\/support.google.com\/chrome\/answer\/95647\">P\u00e1gina de ayuda de Chrome<\/a><\/li>\n\n\n\n<li>Para el navegador web Internet Explorer, visite esta p\u00e1gina de Microsoft:<a href=\"https:\/\/support.microsoft.com\/en-us\/help\/17442\/windows-internet-explorer-delete-manage-cookies\"> P\u00e1gina de ayuda de IE<\/a><\/li>\n\n\n\n<li>Para el navegador web Firefox, visite esta p\u00e1gina de Mozilla: <a href=\"https:\/\/support.mozilla.org\/en-US\/kb\/cookies-information-websites-store-on-your-computer\">P\u00e1gina de ayuda de Firefox<\/a><\/li>\n\n\n\n<li>Para el navegador web Safari, visite esta p\u00e1gina de Apple: <a href=\"https:\/\/support.apple.com\/guide\/safari\/manage-cookies-and-website-data-sfri11471\/mac\">P\u00e1gina de ayuda de Safari<\/a><\/li>\n<\/ul>\n\n\n\n<h2 class=\"wp-block-heading\">M\u00e1s informaci\u00f3n<\/h2>\n\n\n\n<p>Para obtener m\u00e1s informaci\u00f3n sobre las cookies y c\u00f3mo desactivarlas, visite Todo sobre las cookies.<\/p>\n\n\n\n<p>Si tiene alguna pregunta sobre nuestro uso de cookies u otras tecnolog\u00edas, env\u00edenos un correo electr\u00f3nico a info@hobertek.com<\/p>","protected":false},"excerpt":{"rendered":"<p>\u00daltima actualizaci\u00f3n: 20240704 Hober utiliza cookies en el sitio web hobertek.com (el &quot;Servicio&quot;). Al utilizar el Servicio, usted acepta el uso de cookies. Nuestras cookies<span class=\"excerpt-hellip\"> [\u2026]<\/span><\/p>","protected":false},"author":4,"featured_media":0,"parent":0,"menu_order":0,"comment_status":"closed","ping_status":"closed","template":"","meta":{"_seopress_robots_primary_cat":"","_seopress_titles_title":"","_seopress_titles_desc":"","_seopress_robots_index":"","om_disable_all_campaigns":false,"_joinchat":[],"footnotes":""},"class_list":["post-5595","page","type-page","status-publish","hentry"],"_links":{"self":[{"href":"https:\/\/hobertek.com\/es\/wp-json\/wp\/v2\/pages\/5595","targetHints":{"allow":["GET"]}}],"collection":[{"href":"https:\/\/hobertek.com\/es\/wp-json\/wp\/v2\/pages"}],"about":[{"href":"https:\/\/hobertek.com\/es\/wp-json\/wp\/v2\/types\/page"}],"author":[{"embeddable":true,"href":"https:\/\/hobertek.com\/es\/wp-json\/wp\/v2\/users\/4"}],"replies":[{"embeddable":true,"href":"https:\/\/hobertek.com\/es\/wp-json\/wp\/v2\/comments?post=5595"}],"version-history":[{"count":1,"href":"https:\/\/hobertek.com\/es\/wp-json\/wp\/v2\/pages\/5595\/revisions"}],"predecessor-version":[{"id":5598,"href":"https:\/\/hobertek.com\/es\/wp-json\/wp\/v2\/pages\/5595\/revisions\/5598"}],"wp:attachment":[{"href":"https:\/\/hobertek.com\/es\/wp-json\/wp\/v2\/media?parent=5595"}],"curies":[{"name":"wp","href":"https:\/\/api.w.org\/{rel}","templated":true}]}}