{"id":5595,"date":"2024-07-04T19:42:11","date_gmt":"2024-07-04T11:42:11","guid":{"rendered":"https:\/\/hobertek.com\/?page_id=5595"},"modified":"2024-07-04T19:42:14","modified_gmt":"2024-07-04T11:42:14","slug":"cookies-policy","status":"publish","type":"page","link":"https:\/\/hobertek.com\/fr\/cookies-policy\/","title":{"rendered":"Politique de cookies"},"content":{"rendered":"<p>Derni\u00e8re mise \u00e0 jour\u00a0: 20240704<\/p>\n\n\n\n<p>Hober utilise des cookies sur le site Web hobertek.com (le \u00ab\u00a0Service\u00a0\u00bb). En utilisant le Service, vous consentez \u00e0 l&#039;utilisation de cookies.<\/p>\n\n\n\n<p>Notre politique en mati\u00e8re de cookies explique ce que sont les cookies, comment nous utilisons les cookies, comment les tiers avec lesquels nous pouvons collaborer peuvent utiliser les cookies sur le Service, vos choix concernant les cookies et plus d&#039;informations sur les cookies.<\/p>\n\n\n\n<h2 class=\"wp-block-heading\">Que sont les cookies ?<\/h2>\n\n\n\n<p>Les cookies sont de petits morceaux de texte envoy\u00e9s par votre navigateur Web par un site Web que vous visitez. Un fichier cookie est stock\u00e9 dans votre navigateur Web et permet au Service ou \u00e0 un tiers de vous reconna\u00eetre et de rendre votre prochaine visite plus facile et le Service plus utile pour vous.<\/p>\n\n\n\n<p>Les cookies peuvent \u00eatre des cookies \u00ab persistants \u00bb ou \u00ab de session \u00bb. Les cookies persistants restent sur votre ordinateur personnel ou appareil mobile lorsque vous vous d\u00e9connectez, tandis que les cookies de session sont supprim\u00e9s d\u00e8s que vous fermez votre navigateur Web.<\/p>\n\n\n\n<h2 class=\"wp-block-heading\">Comment hober utilise les cookies<\/h2>\n\n\n\n<p>Lorsque vous utilisez et acc\u00e9dez au Service, nous pouvons placer un certain nombre de fichiers cookies dans votre navigateur Web.<\/p>\n\n\n\n<p>Nous utilisons des cookies aux fins suivantes :<\/p>\n\n\n\n<ul class=\"wp-block-list\">\n<li>Pour activer certaines fonctions du Service<\/li>\n\n\n\n<li>Pour fournir des analyses<\/li>\n\n\n\n<li>Pour stocker vos pr\u00e9f\u00e9rences<\/li>\n\n\n\n<li>Pour permettre la diffusion de publicit\u00e9s, y compris la publicit\u00e9 comportementale<\/li>\n<\/ul>\n\n\n\n<h2 class=\"wp-block-heading\">Quels sont vos choix concernant les cookies<\/h2>\n\n\n\n<p>Si vous souhaitez supprimer les cookies ou demander \u00e0 votre navigateur Web de supprimer ou de refuser les cookies, veuillez visiter les pages d&#039;aide de votre navigateur Web.<\/p>\n\n\n\n<p>Veuillez toutefois noter que si vous supprimez les cookies ou refusez de les accepter, vous ne pourrez peut-\u00eatre pas utiliser toutes les fonctionnalit\u00e9s que nous proposons, vous ne pourrez peut-\u00eatre pas stocker vos pr\u00e9f\u00e9rences et certaines de nos pages pourraient ne pas s&#039;afficher correctement.<\/p>\n\n\n\n<ul class=\"wp-block-list\">\n<li>Pour le navigateur Web Chrome, veuillez visiter cette page de Google\u00a0: <a href=\"https:\/\/support.google.com\/chrome\/answer\/95647\">Page d&#039;aide Chrome<\/a><\/li>\n\n\n\n<li>Pour le navigateur Web Internet Explorer, veuillez visiter cette page de Microsoft\u00a0:<a href=\"https:\/\/support.microsoft.com\/en-us\/help\/17442\/windows-internet-explorer-delete-manage-cookies\"> Page d&#039;aide d&#039;IE<\/a><\/li>\n\n\n\n<li>Pour le navigateur Web Firefox, veuillez visiter cette page de Mozilla\u00a0: <a href=\"https:\/\/support.mozilla.org\/en-US\/kb\/cookies-information-websites-store-on-your-computer\">Page d&#039;aide de Firefox<\/a><\/li>\n\n\n\n<li>Pour le navigateur Web Safari, veuillez visiter cette page d&#039;Apple\u00a0: <a href=\"https:\/\/support.apple.com\/guide\/safari\/manage-cookies-and-website-data-sfri11471\/mac\">Page d&#039;aide de Safari<\/a><\/li>\n<\/ul>\n\n\n\n<h2 class=\"wp-block-heading\">Plus d&#039;information<\/h2>\n\n\n\n<p>Pour plus d&#039;informations sur les cookies et comment les d\u00e9sactiver, visitez Tout sur les cookies.<\/p>\n\n\n\n<p>Si vous avez des questions sur notre utilisation des cookies ou d&#039;autres technologies, veuillez nous envoyer un e-mail \u00e0 info@hobertek.com<\/p>","protected":false},"excerpt":{"rendered":"<p>Derni\u00e8re mise \u00e0 jour : 20240704 Hober utilise des cookies sur le site hobertek.com (le \u00ab Service \u00bb). En utilisant le Service, vous consentez \u00e0 l&#039;utilisation de cookies. Nos cookies<span class=\"excerpt-hellip\"> [\u2026]<\/span><\/p>","protected":false},"author":4,"featured_media":0,"parent":0,"menu_order":0,"comment_status":"closed","ping_status":"closed","template":"","meta":{"_seopress_robots_primary_cat":"","_seopress_titles_title":"","_seopress_titles_desc":"","_seopress_robots_index":"","om_disable_all_campaigns":false,"_joinchat":[],"footnotes":""},"class_list":["post-5595","page","type-page","status-publish","hentry"],"_links":{"self":[{"href":"https:\/\/hobertek.com\/fr\/wp-json\/wp\/v2\/pages\/5595","targetHints":{"allow":["GET"]}}],"collection":[{"href":"https:\/\/hobertek.com\/fr\/wp-json\/wp\/v2\/pages"}],"about":[{"href":"https:\/\/hobertek.com\/fr\/wp-json\/wp\/v2\/types\/page"}],"author":[{"embeddable":true,"href":"https:\/\/hobertek.com\/fr\/wp-json\/wp\/v2\/users\/4"}],"replies":[{"embeddable":true,"href":"https:\/\/hobertek.com\/fr\/wp-json\/wp\/v2\/comments?post=5595"}],"version-history":[{"count":1,"href":"https:\/\/hobertek.com\/fr\/wp-json\/wp\/v2\/pages\/5595\/revisions"}],"predecessor-version":[{"id":5598,"href":"https:\/\/hobertek.com\/fr\/wp-json\/wp\/v2\/pages\/5595\/revisions\/5598"}],"wp:attachment":[{"href":"https:\/\/hobertek.com\/fr\/wp-json\/wp\/v2\/media?parent=5595"}],"curies":[{"name":"wp","href":"https:\/\/api.w.org\/{rel}","templated":true}]}}