{"id":830,"date":"2021-06-20T15:36:23","date_gmt":"2021-06-20T15:36:23","guid":{"rendered":"http:\/\/hobertek.com\/?page_id=830"},"modified":"2023-11-22T20:19:56","modified_gmt":"2023-11-22T12:19:56","slug":"solar-pumping-accessories","status":"publish","type":"page","link":"https:\/\/hobertek.com\/fr\/solar-pumping-accessories\/","title":{"rendered":"Accessoires de pompage solaire"},"content":{"rendered":"<div data-elementor-type=\"wp-page\" data-elementor-id=\"830\" class=\"elementor elementor-830\">\n\t\t\t\t\t\t<section class=\"elementor-section elementor-top-section elementor-element elementor-element-b750ef7 elementor-section-full_width elementor-section-stretched elementor-section-height-default elementor-section-height-default\" data-id=\"b750ef7\" data-element_type=\"section\" data-e-type=\"section\" data-settings=\"{&quot;stretch_section&quot;:&quot;section-stretched&quot;}\">\n\t\t\t\t\t\t<div class=\"elementor-container elementor-column-gap-default\">\n\t\t\t\t\t<div class=\"elementor-column elementor-col-100 elementor-top-column elementor-element elementor-element-1611d5c\" data-id=\"1611d5c\" data-element_type=\"column\" data-e-type=\"column\">\n\t\t\t<div class=\"elementor-widget-wrap elementor-element-populated\">\n\t\t\t\t\t\t<section class=\"elementor-section elementor-inner-section elementor-element elementor-element-697c2b9 elementor-section-full_width elementor-section-height-default elementor-section-height-default\" data-id=\"697c2b9\" data-element_type=\"section\" data-e-type=\"section\" data-settings=\"{&quot;background_background&quot;:&quot;classic&quot;}\">\n\t\t\t\t\t\t<div class=\"elementor-container elementor-column-gap-default\">\n\t\t\t\t\t<div class=\"elementor-column elementor-col-20 elementor-inner-column elementor-element elementor-element-8cd991e\" data-id=\"8cd991e\" data-element_type=\"column\" data-e-type=\"column\">\n\t\t\t<div class=\"elementor-widget-wrap elementor-element-populated\">\n\t\t\t\t\t\t<div class=\"elementor-element elementor-element-a8fd8a9 elementor-widget elementor-widget-text-editor\" data-id=\"a8fd8a9\" data-element_type=\"widget\" data-e-type=\"widget\" data-widget_type=\"text-editor.default\">\n\t\t\t\t<div class=\"elementor-widget-container\">\n\t\t\t\t\t\t\t\t\t<p style=\"text-align: center;\"><a href=\"https:\/\/hobertek.com\/fr\/hober-solar-pump-inverter\/\">Onduleur de pompe solaire<\/a><\/p>\t\t\t\t\t\t\t\t<\/div>\n\t\t\t\t<\/div>\n\t\t\t\t\t<\/div>\n\t\t<\/div>\n\t\t\t\t<div class=\"elementor-column elementor-col-20 elementor-inner-column elementor-element elementor-element-90fd7b6\" data-id=\"90fd7b6\" data-element_type=\"column\" data-e-type=\"column\">\n\t\t\t<div class=\"elementor-widget-wrap elementor-element-populated\">\n\t\t\t\t\t\t<div class=\"elementor-element elementor-element-9454475 elementor-widget elementor-widget-text-editor\" data-id=\"9454475\" data-element_type=\"widget\" data-e-type=\"widget\" data-widget_type=\"text-editor.default\">\n\t\t\t\t<div class=\"elementor-widget-container\">\n\t\t\t\t\t\t\t\t\t<p style=\"text-align: center;\"><a href=\"https:\/\/hobertek.com\/fr\/solar-pump\/\">Pompe solaire<\/a><\/p>\t\t\t\t\t\t\t\t<\/div>\n\t\t\t\t<\/div>\n\t\t\t\t\t<\/div>\n\t\t<\/div>\n\t\t\t\t<div class=\"elementor-column elementor-col-20 elementor-inner-column elementor-element elementor-element-1282be2\" data-id=\"1282be2\" data-element_type=\"column\" data-e-type=\"column\" data-settings=\"{&quot;background_background&quot;:&quot;classic&quot;}\">\n\t\t\t<div class=\"elementor-widget-wrap elementor-element-populated\">\n\t\t\t\t\t\t<div class=\"elementor-element elementor-element-787ec1f elementor-widget elementor-widget-text-editor\" data-id=\"787ec1f\" data-element_type=\"widget\" data-e-type=\"widget\" data-widget_type=\"text-editor.default\">\n\t\t\t\t<div class=\"elementor-widget-container\">\n\t\t\t\t\t\t\t\t\t<p style=\"text-align: center;\"><a href=\"https:\/\/hobertek.com\/fr\/solar-water-pump-system\/\">Syst\u00e8me de pompage solaire<\/a><\/p>\t\t\t\t\t\t\t\t<\/div>\n\t\t\t\t<\/div>\n\t\t\t\t\t<\/div>\n\t\t<\/div>\n\t\t\t\t<div class=\"elementor-column elementor-col-20 elementor-inner-column elementor-element elementor-element-cf5ec54\" data-id=\"cf5ec54\" data-element_type=\"column\" data-e-type=\"column\">\n\t\t\t<div class=\"elementor-widget-wrap elementor-element-populated\">\n\t\t\t\t\t\t<div class=\"elementor-element elementor-element-dacd36d elementor-widget elementor-widget-text-editor\" data-id=\"dacd36d\" data-element_type=\"widget\" data-e-type=\"widget\" data-widget_type=\"text-editor.default\">\n\t\t\t\t<div class=\"elementor-widget-container\">\n\t\t\t\t\t\t\t\t\t<p style=\"text-align: center;\"><a href=\"https:\/\/hobertek.com\/fr\/solar-pumping-accessories\/\">Accessoires de pompage solaire<\/a><\/p>\t\t\t\t\t\t\t\t<\/div>\n\t\t\t\t<\/div>\n\t\t\t\t\t<\/div>\n\t\t<\/div>\n\t\t\t\t<div class=\"elementor-column elementor-col-20 elementor-inner-column elementor-element elementor-element-2fe7227\" data-id=\"2fe7227\" data-element_type=\"column\" data-e-type=\"column\">\n\t\t\t<div class=\"elementor-widget-wrap elementor-element-populated\">\n\t\t\t\t\t\t<div class=\"elementor-element elementor-element-9fabf4d elementor-widget elementor-widget-text-editor\" data-id=\"9fabf4d\" data-element_type=\"widget\" data-e-type=\"widget\" data-widget_type=\"text-editor.default\">\n\t\t\t\t<div class=\"elementor-widget-container\">\n\t\t\t\t\t\t\t\t\t<p style=\"text-align: center;\"><a href=\"https:\/\/hobertek.com\/fr\/solar-pond-aerator\/\">A\u00e9rateur solaire pour bassin<\/a><\/p>\t\t\t\t\t\t\t\t<\/div>\n\t\t\t\t<\/div>\n\t\t\t\t\t<\/div>\n\t\t<\/div>\n\t\t\t\t\t<\/div>\n\t\t<\/section>\n\t\t\t\t\t<\/div>\n\t\t<\/div>\n\t\t\t\t\t<\/div>\n\t\t<\/section>\n\t\t\t\t<section class=\"elementor-section elementor-top-section elementor-element elementor-element-bee48a0 elementor-section-boxed elementor-section-height-default elementor-section-height-default\" data-id=\"bee48a0\" data-element_type=\"section\" data-e-type=\"section\">\n\t\t\t\t\t\t<div class=\"elementor-container elementor-column-gap-default\">\n\t\t\t\t\t<div class=\"elementor-column elementor-col-100 elementor-top-column elementor-element elementor-element-ad6fc99\" data-id=\"ad6fc99\" data-element_type=\"column\" data-e-type=\"column\">\n\t\t\t<div class=\"elementor-widget-wrap elementor-element-populated\">\n\t\t\t\t\t\t<div class=\"elementor-element elementor-element-05f41e2 elementor-widget elementor-widget-spacer\" data-id=\"05f41e2\" data-element_type=\"widget\" data-e-type=\"widget\" data-widget_type=\"spacer.default\">\n\t\t\t\t<div class=\"elementor-widget-container\">\n\t\t\t\t\t\t\t<div class=\"elementor-spacer\">\n\t\t\t<div class=\"elementor-spacer-inner\"><\/div>\n\t\t<\/div>\n\t\t\t\t\t\t<\/div>\n\t\t\t\t<\/div>\n\t\t\t\t\t<\/div>\n\t\t<\/div>\n\t\t\t\t\t<\/div>\n\t\t<\/section>\n\t\t\t\t<section class=\"elementor-section elementor-top-section elementor-element elementor-element-bfd19ef elementor-section-full_width elementor-section-stretched elementor-section-height-default elementor-section-height-default\" data-id=\"bfd19ef\" data-element_type=\"section\" data-e-type=\"section\" data-settings=\"{&quot;stretch_section&quot;:&quot;section-stretched&quot;}\">\n\t\t\t\t\t\t<div class=\"elementor-container elementor-column-gap-default\">\n\t\t\t\t\t<div class=\"elementor-column elementor-col-100 elementor-top-column elementor-element elementor-element-a0267e8\" data-id=\"a0267e8\" data-element_type=\"column\" data-e-type=\"column\">\n\t\t\t<div class=\"elementor-widget-wrap elementor-element-populated\">\n\t\t\t\t\t\t<section class=\"elementor-section elementor-inner-section elementor-element elementor-element-90ffd11 elementor-section-boxed elementor-section-height-default elementor-section-height-default\" data-id=\"90ffd11\" data-element_type=\"section\" data-e-type=\"section\">\n\t\t\t\t\t\t<div class=\"elementor-container elementor-column-gap-default\">\n\t\t\t\t\t<div class=\"elementor-column elementor-col-33 elementor-inner-column elementor-element elementor-element-83e7cf6\" data-id=\"83e7cf6\" data-element_type=\"column\" data-e-type=\"column\">\n\t\t\t<div class=\"elementor-widget-wrap elementor-element-populated\">\n\t\t\t\t\t\t<div class=\"elementor-element elementor-element-98121d1 elementor-widget elementor-widget-image\" data-id=\"98121d1\" data-element_type=\"widget\" data-e-type=\"widget\" data-widget_type=\"image.default\">\n\t\t\t\t<div class=\"elementor-widget-container\">\n\t\t\t\t\t\t\t\t\t\t\t\t\t\t\t\t<a href=\"https:\/\/hobertek.com\/fr\/solar-panel\/\">\n\t\t\t\t\t\t\t<img fetchpriority=\"high\" decoding=\"async\" width=\"380\" height=\"350\" src=\"https:\/\/hobertek.com\/wp-content\/uploads\/2021\/06\/Solar-Panel-380-350.jpeg\" class=\"attachment-full size-full wp-image-834\" alt=\"\" srcset=\"https:\/\/hobertek.com\/wp-content\/uploads\/2021\/06\/Solar-Panel-380-350.jpeg 380w, https:\/\/hobertek.com\/wp-content\/uploads\/2021\/06\/Solar-Panel-380-350-300x276.jpeg 300w, https:\/\/hobertek.com\/wp-content\/uploads\/2021\/06\/Solar-Panel-380-350-159x146.jpeg 159w, https:\/\/hobertek.com\/wp-content\/uploads\/2021\/06\/Solar-Panel-380-350-50x46.jpeg 50w, https:\/\/hobertek.com\/wp-content\/uploads\/2021\/06\/Solar-Panel-380-350-81x75.jpeg 81w\" sizes=\"(max-width: 380px) 100vw, 380px\" \/>\t\t\t\t\t\t\t\t<\/a>\n\t\t\t\t\t\t\t\t\t\t\t\t\t\t\t<\/div>\n\t\t\t\t<\/div>\n\t\t\t\t<div class=\"elementor-element elementor-element-b06c055 elementor-widget elementor-widget-text-editor\" data-id=\"b06c055\" data-element_type=\"widget\" data-e-type=\"widget\" data-widget_type=\"text-editor.default\">\n\t\t\t\t<div class=\"elementor-widget-container\">\n\t\t\t\t\t\t\t\t\t<h4 style=\"text-align: center;\">Panneau solaire<\/h4>\t\t\t\t\t\t\t\t<\/div>\n\t\t\t\t<\/div>\n\t\t\t\t\t<\/div>\n\t\t<\/div>\n\t\t\t\t<div class=\"elementor-column elementor-col-33 elementor-inner-column elementor-element elementor-element-0fdc084\" data-id=\"0fdc084\" data-element_type=\"column\" data-e-type=\"column\">\n\t\t\t<div class=\"elementor-widget-wrap elementor-element-populated\">\n\t\t\t\t\t\t<div class=\"elementor-element elementor-element-5ccc7dc elementor-widget elementor-widget-image\" data-id=\"5ccc7dc\" data-element_type=\"widget\" data-e-type=\"widget\" data-widget_type=\"image.default\">\n\t\t\t\t<div class=\"elementor-widget-container\">\n\t\t\t\t\t\t\t\t\t\t\t\t\t\t\t\t<a href=\"https:\/\/hobertek.com\/fr\/solar-combiner-box\/\">\n\t\t\t\t\t\t\t<img decoding=\"async\" width=\"2560\" height=\"2169\" src=\"https:\/\/hobertek.com\/wp-content\/uploads\/2021\/07\/2in1-PV-BOX-e1625139799992.png\" class=\"attachment-full size-full wp-image-1288\" alt=\"\" srcset=\"https:\/\/hobertek.com\/wp-content\/uploads\/2021\/07\/2in1-PV-BOX-e1625139799992.png 2560w, https:\/\/hobertek.com\/wp-content\/uploads\/2021\/07\/2in1-PV-BOX-e1625139799992-300x254.png 300w, https:\/\/hobertek.com\/wp-content\/uploads\/2021\/07\/2in1-PV-BOX-e1625139799992-1024x868.png 1024w, https:\/\/hobertek.com\/wp-content\/uploads\/2021\/07\/2in1-PV-BOX-e1625139799992-768x651.png 768w, https:\/\/hobertek.com\/wp-content\/uploads\/2021\/07\/2in1-PV-BOX-e1625139799992-1536x1302.png 1536w, https:\/\/hobertek.com\/wp-content\/uploads\/2021\/07\/2in1-PV-BOX-e1625139799992-2048x1735.png 2048w, https:\/\/hobertek.com\/wp-content\/uploads\/2021\/07\/2in1-PV-BOX-e1625139799992-172x146.png 172w, https:\/\/hobertek.com\/wp-content\/uploads\/2021\/07\/2in1-PV-BOX-e1625139799992-50x42.png 50w, https:\/\/hobertek.com\/wp-content\/uploads\/2021\/07\/2in1-PV-BOX-e1625139799992-89x75.png 89w, https:\/\/hobertek.com\/wp-content\/uploads\/2021\/07\/2in1-PV-BOX-e1625139799992-750x636.png 750w, https:\/\/hobertek.com\/wp-content\/uploads\/2021\/07\/2in1-PV-BOX-e1625139799992-1140x966.png 1140w\" sizes=\"(max-width: 2560px) 100vw, 2560px\" \/>\t\t\t\t\t\t\t\t<\/a>\n\t\t\t\t\t\t\t\t\t\t\t\t\t\t\t<\/div>\n\t\t\t\t<\/div>\n\t\t\t\t<div class=\"elementor-element elementor-element-dc10bd1 elementor-widget elementor-widget-text-editor\" data-id=\"dc10bd1\" data-element_type=\"widget\" data-e-type=\"widget\" data-widget_type=\"text-editor.default\">\n\t\t\t\t<div class=\"elementor-widget-container\">\n\t\t\t\t\t\t\t\t\t<div class=\"elementor-element elementor-element-a2f1b92 elementor-widget elementor-widget-text-editor\" data-id=\"a2f1b92\" data-element_type=\"widget\" data-widget_type=\"text-editor.default\">\n<h4 class=\"elementor-widget-container\">Bo\u00eete de combinateur solaire<\/h4>\n<\/div>\t\t\t\t\t\t\t\t<\/div>\n\t\t\t\t<\/div>\n\t\t\t\t\t<\/div>\n\t\t<\/div>\n\t\t\t\t<div class=\"elementor-column elementor-col-33 elementor-inner-column elementor-element elementor-element-20a4b94\" data-id=\"20a4b94\" data-element_type=\"column\" data-e-type=\"column\">\n\t\t\t<div class=\"elementor-widget-wrap elementor-element-populated\">\n\t\t\t\t\t\t<div class=\"elementor-element elementor-element-968c36d elementor-widget elementor-widget-image\" data-id=\"968c36d\" data-element_type=\"widget\" data-e-type=\"widget\" data-widget_type=\"image.default\">\n\t\t\t\t<div class=\"elementor-widget-container\">\n\t\t\t\t\t\t\t\t\t\t\t\t\t\t\t\t<a href=\"https:\/\/hobertek.com\/fr\/solar-pumping-accessories\/electricity-reactor\/\">\n\t\t\t\t\t\t\t<img decoding=\"async\" width=\"380\" height=\"350\" src=\"https:\/\/hobertek.com\/wp-content\/uploads\/2021\/06\/DC-distribution-box-380-350.jpeg\" class=\"attachment-large size-large wp-image-833\" alt=\"electricity aerator\" srcset=\"https:\/\/hobertek.com\/wp-content\/uploads\/2021\/06\/DC-distribution-box-380-350.jpeg 380w, https:\/\/hobertek.com\/wp-content\/uploads\/2021\/06\/DC-distribution-box-380-350-300x276.jpeg 300w, https:\/\/hobertek.com\/wp-content\/uploads\/2021\/06\/DC-distribution-box-380-350-159x146.jpeg 159w, https:\/\/hobertek.com\/wp-content\/uploads\/2021\/06\/DC-distribution-box-380-350-50x46.jpeg 50w, https:\/\/hobertek.com\/wp-content\/uploads\/2021\/06\/DC-distribution-box-380-350-81x75.jpeg 81w\" sizes=\"(max-width: 380px) 100vw, 380px\" \/>\t\t\t\t\t\t\t\t<\/a>\n\t\t\t\t\t\t\t\t\t\t\t\t\t\t\t<\/div>\n\t\t\t\t<\/div>\n\t\t\t\t<div class=\"elementor-element elementor-element-ac11ce3 elementor-widget elementor-widget-text-editor\" data-id=\"ac11ce3\" data-element_type=\"widget\" data-e-type=\"widget\" data-widget_type=\"text-editor.default\">\n\t\t\t\t<div class=\"elementor-widget-container\">\n\t\t\t\t\t\t\t\t\t<h4 style=\"text-align: center;\">R\u00e9acteur \u00e9lectrique<\/h4>\t\t\t\t\t\t\t\t<\/div>\n\t\t\t\t<\/div>\n\t\t\t\t\t<\/div>\n\t\t<\/div>\n\t\t\t\t\t<\/div>\n\t\t<\/section>\n\t\t\t\t\t<\/div>\n\t\t<\/div>\n\t\t\t\t\t<\/div>\n\t\t<\/section>\n\t\t\t\t<section class=\"elementor-section elementor-top-section elementor-element elementor-element-9d0d6ba elementor-section-boxed elementor-section-height-default elementor-section-height-default\" data-id=\"9d0d6ba\" data-element_type=\"section\" data-e-type=\"section\">\n\t\t\t\t\t\t<div class=\"elementor-container elementor-column-gap-default\">\n\t\t\t\t\t<div class=\"elementor-column elementor-col-100 elementor-top-column elementor-element elementor-element-2a1da60\" data-id=\"2a1da60\" data-element_type=\"column\" data-e-type=\"column\">\n\t\t\t<div class=\"elementor-widget-wrap elementor-element-populated\">\n\t\t\t\t\t\t<div class=\"elementor-element elementor-element-3f6afb1 elementor-widget elementor-widget-spacer\" data-id=\"3f6afb1\" data-element_type=\"widget\" data-e-type=\"widget\" data-widget_type=\"spacer.default\">\n\t\t\t\t<div class=\"elementor-widget-container\">\n\t\t\t\t\t\t\t<div class=\"elementor-spacer\">\n\t\t\t<div class=\"elementor-spacer-inner\"><\/div>\n\t\t<\/div>\n\t\t\t\t\t\t<\/div>\n\t\t\t\t<\/div>\n\t\t\t\t\t<\/div>\n\t\t<\/div>\n\t\t\t\t\t<\/div>\n\t\t<\/section>\n\t\t\t\t<section class=\"elementor-section elementor-top-section elementor-element elementor-element-798199ae elementor-section-full_width elementor-section-height-min-height elementor-section-stretched elementor-section-height-default elementor-section-items-middle\" data-id=\"798199ae\" data-element_type=\"section\" data-e-type=\"section\" data-settings=\"{&quot;stretch_section&quot;:&quot;section-stretched&quot;,&quot;background_background&quot;:&quot;classic&quot;}\">\n\t\t\t\t\t\t<div class=\"elementor-container elementor-column-gap-no\">\n\t\t\t\t\t<div class=\"elementor-column elementor-col-100 elementor-top-column elementor-element elementor-element-676ad771\" data-id=\"676ad771\" data-element_type=\"column\" data-e-type=\"column\">\n\t\t\t<div class=\"elementor-widget-wrap elementor-element-populated\">\n\t\t\t\t\t\t<div class=\"elementor-element elementor-element-3895c3f1 elementor-widget elementor-widget-heading\" data-id=\"3895c3f1\" data-element_type=\"widget\" data-e-type=\"widget\" data-widget_type=\"heading.default\">\n\t\t\t\t<div class=\"elementor-widget-container\">\n\t\t\t\t\t<h1 class=\"elementor-heading-title elementor-size-default\">\u00c9conomisez votre temps, votre argent et votre travail,<br \/>Irriguer votre ferme toute l\u2019ann\u00e9e !<\/h1>\t\t\t\t<\/div>\n\t\t\t\t<\/div>\n\t\t\t\t<div class=\"elementor-element elementor-element-475cc872 elementor-widget-divider--view-line elementor-widget elementor-widget-divider\" data-id=\"475cc872\" data-element_type=\"widget\" data-e-type=\"widget\" data-widget_type=\"divider.default\">\n\t\t\t\t<div class=\"elementor-widget-container\">\n\t\t\t\t\t\t\t<div class=\"elementor-divider\">\n\t\t\t<span class=\"elementor-divider-separator\">\n\t\t\t\t\t\t<\/span>\n\t\t<\/div>\n\t\t\t\t\t\t<\/div>\n\t\t\t\t<\/div>\n\t\t\t\t<div class=\"elementor-element elementor-element-32cd0c0e elementor-widget elementor-widget-text-editor\" data-id=\"32cd0c0e\" data-element_type=\"widget\" data-e-type=\"widget\" data-widget_type=\"text-editor.default\">\n\t\t\t\t<div class=\"elementor-widget-container\">\n\t\t\t\t\t\t\t\t\t<p class=\"fusion-text fusion-text-10\">Gr\u00e2ce \u00e0 la cr\u00e9ativit\u00e9, l&#039;int\u00e9grit\u00e9 et l&#039;innovation<\/p>\t\t\t\t\t\t\t\t<\/div>\n\t\t\t\t<\/div>\n\t\t\t\t<div class=\"elementor-element elementor-element-a699e24 elementor-align-center elementor-mobile-align-center elementor-widget elementor-widget-button\" data-id=\"a699e24\" data-element_type=\"widget\" data-e-type=\"widget\" data-widget_type=\"button.default\">\n\t\t\t\t<div class=\"elementor-widget-container\">\n\t\t\t\t\t\t\t\t\t<div class=\"elementor-button-wrapper\">\n\t\t\t\t\t<a class=\"elementor-button elementor-button-link elementor-size-lg\" href=\"#elementor-action%3Aaction%3Dpopup%3Aopen%26settings%3DeyJpZCI6IjI1NiIsInRvZ2dsZSI6ZmFsc2V9\">\n\t\t\t\t\t\t<span class=\"elementor-button-content-wrapper\">\n\t\t\t\t\t\t\t\t\t<span class=\"elementor-button-text\">Obtenez une liste de prix<\/span>\n\t\t\t\t\t<\/span>\n\t\t\t\t\t<\/a>\n\t\t\t\t<\/div>\n\t\t\t\t\t\t\t\t<\/div>\n\t\t\t\t<\/div>\n\t\t\t\t\t<\/div>\n\t\t<\/div>\n\t\t\t\t\t<\/div>\n\t\t<\/section>\n\t\t\t\t<\/div>","protected":false},"excerpt":{"rendered":"<p>Pompe solaire Onduleur Pompe solaire Syst\u00e8me de pompage solaire Accessoires de pompage solaire A\u00e9rateur de bassin solaire Panneau solaire Bo\u00eete de combustion solaire R\u00e9acteur \u00e9lectrique \u00c9conomisez votre temps, votre argent et<span class=\"excerpt-hellip\"> [\u2026]<\/span><\/p>","protected":false},"author":10,"featured_media":0,"parent":0,"menu_order":0,"comment_status":"closed","ping_status":"closed","template":"","meta":{"_seopress_robots_primary_cat":"","_seopress_titles_title":"","_seopress_titles_desc":"","_seopress_robots_index":"","om_disable_all_campaigns":false,"_joinchat":[],"footnotes":""},"class_list":["post-830","page","type-page","status-publish","hentry"],"_links":{"self":[{"href":"https:\/\/hobertek.com\/fr\/wp-json\/wp\/v2\/pages\/830","targetHints":{"allow":["GET"]}}],"collection":[{"href":"https:\/\/hobertek.com\/fr\/wp-json\/wp\/v2\/pages"}],"about":[{"href":"https:\/\/hobertek.com\/fr\/wp-json\/wp\/v2\/types\/page"}],"author":[{"embeddable":true,"href":"https:\/\/hobertek.com\/fr\/wp-json\/wp\/v2\/users\/10"}],"replies":[{"embeddable":true,"href":"https:\/\/hobertek.com\/fr\/wp-json\/wp\/v2\/comments?post=830"}],"version-history":[{"count":35,"href":"https:\/\/hobertek.com\/fr\/wp-json\/wp\/v2\/pages\/830\/revisions"}],"predecessor-version":[{"id":4761,"href":"https:\/\/hobertek.com\/fr\/wp-json\/wp\/v2\/pages\/830\/revisions\/4761"}],"wp:attachment":[{"href":"https:\/\/hobertek.com\/fr\/wp-json\/wp\/v2\/media?parent=830"}],"curies":[{"name":"wp","href":"https:\/\/api.w.org\/{rel}","templated":true}]}}