{"id":5595,"date":"2024-07-04T19:42:11","date_gmt":"2024-07-04T11:42:11","guid":{"rendered":"https:\/\/hobertek.com\/?page_id=5595"},"modified":"2024-07-04T19:42:14","modified_gmt":"2024-07-04T11:42:14","slug":"cookies-policy","status":"publish","type":"page","link":"https:\/\/hobertek.com\/pt\/cookies-policy\/","title":{"rendered":"Pol\u00edtica de Cookies"},"content":{"rendered":"<p>\u00daltima atualiza\u00e7\u00e3o: 20240704<\/p>\n\n\n\n<p>A Hober usa cookies no site hobertek.com (o \u201cServi\u00e7o\u201d). Ao usar o Servi\u00e7o, voc\u00ea consente com o uso de cookies.<\/p>\n\n\n\n<p>Nossa Pol\u00edtica de Cookies explica o que s\u00e3o cookies, como usamos cookies, como terceiros com os quais podemos fazer parceria podem usar cookies no Servi\u00e7o, suas escolhas em rela\u00e7\u00e3o a cookies e mais informa\u00e7\u00f5es sobre cookies.<\/p>\n\n\n\n<h2 class=\"wp-block-heading\">O que s\u00e3o cookies?<\/h2>\n\n\n\n<p>Cookies s\u00e3o pequenos peda\u00e7os de texto enviados pelo seu navegador da web por um site que voc\u00ea visita. Um arquivo de cookie \u00e9 armazenado no seu navegador da web e permite que o Servi\u00e7o ou um terceiro o reconhe\u00e7a e torne sua pr\u00f3xima visita mais f\u00e1cil e o Servi\u00e7o mais \u00fatil para voc\u00ea.<\/p>\n\n\n\n<p>Os cookies podem ser cookies \u201cpersistentes\u201d ou \u201cde sess\u00e3o\u201d. Os cookies persistentes permanecem no seu computador pessoal ou dispositivo m\u00f3vel quando voc\u00ea fica offline, enquanto os cookies de sess\u00e3o s\u00e3o exclu\u00eddos assim que voc\u00ea fecha o navegador da web.<\/p>\n\n\n\n<h2 class=\"wp-block-heading\">Como hober usa cookies<\/h2>\n\n\n\n<p>Quando voc\u00ea usa e acessa o Servi\u00e7o, podemos colocar v\u00e1rios arquivos de cookies no seu navegador.<\/p>\n\n\n\n<p>Utilizamos cookies para os seguintes prop\u00f3sitos:<\/p>\n\n\n\n<ul class=\"wp-block-list\">\n<li>Para habilitar certas fun\u00e7\u00f5es do Servi\u00e7o<\/li>\n\n\n\n<li>Para fornecer an\u00e1lises<\/li>\n\n\n\n<li>Para armazenar suas prefer\u00eancias<\/li>\n\n\n\n<li>Para permitir a entrega de an\u00fancios, incluindo publicidade comportamental<\/li>\n<\/ul>\n\n\n\n<h2 class=\"wp-block-heading\">Quais s\u00e3o suas escolhas em rela\u00e7\u00e3o aos cookies<\/h2>\n\n\n\n<p>Se voc\u00ea quiser excluir cookies ou instruir seu navegador para excluir ou recusar cookies, visite as p\u00e1ginas de ajuda do seu navegador.<\/p>\n\n\n\n<p>No entanto, observe que se voc\u00ea excluir os cookies ou se recusar a aceit\u00e1-los, talvez n\u00e3o consiga usar todos os recursos que oferecemos, talvez n\u00e3o consiga armazenar suas prefer\u00eancias e algumas de nossas p\u00e1ginas podem n\u00e3o ser exibidas corretamente.<\/p>\n\n\n\n<ul class=\"wp-block-list\">\n<li>Para o navegador Chrome, visite esta p\u00e1gina do Google: <a href=\"https:\/\/support.google.com\/chrome\/answer\/95647\">P\u00e1gina de ajuda do Chrome<\/a><\/li>\n\n\n\n<li>Para o navegador Internet Explorer, visite esta p\u00e1gina da Microsoft:<a href=\"https:\/\/support.microsoft.com\/en-us\/help\/17442\/windows-internet-explorer-delete-manage-cookies\"> P\u00e1gina de ajuda do IE<\/a><\/li>\n\n\n\n<li>Para o navegador Firefox, visite esta p\u00e1gina da Mozilla: <a href=\"https:\/\/support.mozilla.org\/en-US\/kb\/cookies-information-websites-store-on-your-computer\">P\u00e1gina de ajuda do Firefox<\/a><\/li>\n\n\n\n<li>Para o navegador Safari, visite esta p\u00e1gina da Apple: <a href=\"https:\/\/support.apple.com\/guide\/safari\/manage-cookies-and-website-data-sfri11471\/mac\">P\u00e1gina de ajuda do Safari<\/a><\/li>\n<\/ul>\n\n\n\n<h2 class=\"wp-block-heading\">Mais informa\u00e7\u00f5es<\/h2>\n\n\n\n<p>Para obter mais informa\u00e7\u00f5es sobre cookies e como desativ\u00e1-los, visite Tudo sobre cookies.<\/p>\n\n\n\n<p>Se voc\u00ea tiver alguma d\u00favida sobre nosso uso de cookies ou outras tecnologias, envie um e-mail para info@hobertek.com<\/p>","protected":false},"excerpt":{"rendered":"<p>\u00daltima atualiza\u00e7\u00e3o: 04\/07\/2024. A Hober utiliza cookies no website hobertek.com (o \u201cServi\u00e7o\u201d). Ao utilizar o Servi\u00e7o, voc\u00ea concorda com o uso de cookies. Nossos Cookies.<span class=\"excerpt-hellip\"> [\u2026]<\/span><\/p>","protected":false},"author":4,"featured_media":0,"parent":0,"menu_order":0,"comment_status":"closed","ping_status":"closed","template":"","meta":{"_seopress_robots_primary_cat":"","_seopress_titles_title":"","_seopress_titles_desc":"","_seopress_robots_index":"","om_disable_all_campaigns":false,"_joinchat":[],"footnotes":""},"class_list":["post-5595","page","type-page","status-publish","hentry"],"_links":{"self":[{"href":"https:\/\/hobertek.com\/pt\/wp-json\/wp\/v2\/pages\/5595","targetHints":{"allow":["GET"]}}],"collection":[{"href":"https:\/\/hobertek.com\/pt\/wp-json\/wp\/v2\/pages"}],"about":[{"href":"https:\/\/hobertek.com\/pt\/wp-json\/wp\/v2\/types\/page"}],"author":[{"embeddable":true,"href":"https:\/\/hobertek.com\/pt\/wp-json\/wp\/v2\/users\/4"}],"replies":[{"embeddable":true,"href":"https:\/\/hobertek.com\/pt\/wp-json\/wp\/v2\/comments?post=5595"}],"version-history":[{"count":1,"href":"https:\/\/hobertek.com\/pt\/wp-json\/wp\/v2\/pages\/5595\/revisions"}],"predecessor-version":[{"id":5598,"href":"https:\/\/hobertek.com\/pt\/wp-json\/wp\/v2\/pages\/5595\/revisions\/5598"}],"wp:attachment":[{"href":"https:\/\/hobertek.com\/pt\/wp-json\/wp\/v2\/media?parent=5595"}],"curies":[{"name":"wp","href":"https:\/\/api.w.org\/{rel}","templated":true}]}}