{"id":805,"date":"2021-06-20T15:26:43","date_gmt":"2021-06-20T15:26:43","guid":{"rendered":"http:\/\/hobertek.com\/?page_id=805"},"modified":"2021-06-20T15:30:57","modified_gmt":"2021-06-20T15:30:57","slug":"td-surface-pump-10-90-m%c2%b3","status":"publish","type":"page","link":"https:\/\/hobertek.com\/pt\/td-surface-pump-10-90-m%c2%b3\/","title":{"rendered":"Bomba de superf\u00edcie TD (10-90 m\u00b3)"},"content":{"rendered":"<div data-elementor-type=\"wp-page\" data-elementor-id=\"805\" class=\"elementor elementor-805\">\n\t\t\t\t\t\t<section class=\"elementor-section elementor-top-section elementor-element elementor-element-69efd4f elementor-section-boxed elementor-section-height-default elementor-section-height-default\" data-id=\"69efd4f\" data-element_type=\"section\" data-e-type=\"section\">\n\t\t\t\t\t\t<div class=\"elementor-container elementor-column-gap-default\">\n\t\t\t\t\t<div class=\"elementor-column elementor-col-100 elementor-top-column elementor-element elementor-element-57defa7\" data-id=\"57defa7\" data-element_type=\"column\" data-e-type=\"column\">\n\t\t\t<div class=\"elementor-widget-wrap elementor-element-populated\">\n\t\t\t\t\t\t<div class=\"elementor-element elementor-element-a4700f3 elementor-widget elementor-widget-spacer\" data-id=\"a4700f3\" data-element_type=\"widget\" data-e-type=\"widget\" data-widget_type=\"spacer.default\">\n\t\t\t\t<div class=\"elementor-widget-container\">\n\t\t\t\t\t\t\t<div class=\"elementor-spacer\">\n\t\t\t<div class=\"elementor-spacer-inner\"><\/div>\n\t\t<\/div>\n\t\t\t\t\t\t<\/div>\n\t\t\t\t<\/div>\n\t\t\t\t\t<\/div>\n\t\t<\/div>\n\t\t\t\t\t<\/div>\n\t\t<\/section>\n\t\t\t\t<section class=\"elementor-section elementor-top-section elementor-element elementor-element-51a9175 elementor-section-full_width elementor-section-stretched elementor-section-height-default elementor-section-height-default\" data-id=\"51a9175\" data-element_type=\"section\" data-e-type=\"section\" data-settings=\"{&quot;stretch_section&quot;:&quot;section-stretched&quot;}\">\n\t\t\t\t\t\t<div class=\"elementor-container elementor-column-gap-default\">\n\t\t\t\t\t<div class=\"elementor-column elementor-col-100 elementor-top-column elementor-element elementor-element-c566f69\" data-id=\"c566f69\" data-element_type=\"column\" data-e-type=\"column\">\n\t\t\t<div class=\"elementor-widget-wrap elementor-element-populated\">\n\t\t\t\t\t\t<section class=\"elementor-section elementor-inner-section elementor-element elementor-element-74daf9c elementor-section-boxed elementor-section-height-default elementor-section-height-default\" data-id=\"74daf9c\" data-element_type=\"section\" data-e-type=\"section\">\n\t\t\t\t\t\t<div class=\"elementor-container elementor-column-gap-default\">\n\t\t\t\t\t<div class=\"elementor-column elementor-col-50 elementor-inner-column elementor-element elementor-element-81f8446\" data-id=\"81f8446\" data-element_type=\"column\" data-e-type=\"column\">\n\t\t\t<div class=\"elementor-widget-wrap elementor-element-populated\">\n\t\t\t\t\t\t<div class=\"elementor-element elementor-element-6e9bb71 elementor-widget elementor-widget-image\" data-id=\"6e9bb71\" data-element_type=\"widget\" data-e-type=\"widget\" data-widget_type=\"image.default\">\n\t\t\t\t<div class=\"elementor-widget-container\">\n\t\t\t\t\t\t\t\t\t\t\t\t\t\t\t<img fetchpriority=\"high\" decoding=\"async\" width=\"540\" height=\"540\" src=\"https:\/\/hobertek.com\/wp-content\/uploads\/2021\/06\/TD-e1624264932968.png\" class=\"attachment-large size-large wp-image-811\" alt=\"\" srcset=\"https:\/\/hobertek.com\/wp-content\/uploads\/2021\/06\/TD-e1624264932968.png 540w, https:\/\/hobertek.com\/wp-content\/uploads\/2021\/06\/TD-e1624264932968-300x300.png 300w, https:\/\/hobertek.com\/wp-content\/uploads\/2021\/06\/TD-e1624264932968-150x150.png 150w, https:\/\/hobertek.com\/wp-content\/uploads\/2021\/06\/TD-e1624264932968-146x146.png 146w, https:\/\/hobertek.com\/wp-content\/uploads\/2021\/06\/TD-e1624264932968-50x50.png 50w, https:\/\/hobertek.com\/wp-content\/uploads\/2021\/06\/TD-e1624264932968-75x75.png 75w, https:\/\/hobertek.com\/wp-content\/uploads\/2021\/06\/TD-e1624264932968-85x85.png 85w, https:\/\/hobertek.com\/wp-content\/uploads\/2021\/06\/TD-e1624264932968-80x80.png 80w, https:\/\/hobertek.com\/wp-content\/uploads\/2021\/06\/TD-e1624264932968-90x90.png 90w, https:\/\/hobertek.com\/wp-content\/uploads\/2021\/06\/TD-e1624264932968-370x370.png 370w\" sizes=\"(max-width: 540px) 100vw, 540px\" \/>\t\t\t\t\t\t\t\t\t\t\t\t\t\t\t<\/div>\n\t\t\t\t<\/div>\n\t\t\t\t\t<\/div>\n\t\t<\/div>\n\t\t\t\t<div class=\"elementor-column elementor-col-50 elementor-inner-column elementor-element elementor-element-3ea8fcc\" data-id=\"3ea8fcc\" data-element_type=\"column\" data-e-type=\"column\">\n\t\t\t<div class=\"elementor-widget-wrap elementor-element-populated\">\n\t\t\t\t\t\t<div class=\"elementor-element elementor-element-d4c8505 elementor-widget elementor-widget-heading\" data-id=\"d4c8505\" data-element_type=\"widget\" data-e-type=\"widget\" data-widget_type=\"heading.default\">\n\t\t\t\t<div class=\"elementor-widget-container\">\n\t\t\t\t\t<h1 class=\"elementor-heading-title elementor-size-default\">Bomba de superf\u00edcie TD (10-90 m\u00b3)<\/h1>\t\t\t\t<\/div>\n\t\t\t\t<\/div>\n\t\t\t\t<div class=\"elementor-element elementor-element-f268ef4 elementor-widget elementor-widget-spacer\" data-id=\"f268ef4\" data-element_type=\"widget\" data-e-type=\"widget\" data-widget_type=\"spacer.default\">\n\t\t\t\t<div class=\"elementor-widget-container\">\n\t\t\t\t\t\t\t<div class=\"elementor-spacer\">\n\t\t\t<div class=\"elementor-spacer-inner\"><\/div>\n\t\t<\/div>\n\t\t\t\t\t\t<\/div>\n\t\t\t\t<\/div>\n\t\t\t\t<div class=\"elementor-element elementor-element-8055095 elementor-widget elementor-widget-text-editor\" data-id=\"8055095\" data-element_type=\"widget\" data-e-type=\"widget\" data-widget_type=\"text-editor.default\">\n\t\t\t\t<div class=\"elementor-widget-container\">\n\t\t\t\t\t\t\t\t\t<p><strong>Pot\u00eancia da bomba:<\/strong> 1,1\/1,5\/2,2\/3\/4\/5,5\/7,5\/11\/15\/18,5\/22 kW<\/p><p><strong>Tens\u00e3o:<\/strong> 220\/380v<\/p><p><strong>Freq\u00fc\u00eancia:<\/strong> 50Hz<\/p><p><strong>Fluxo:<\/strong> 10-90 m\u00b3\/h<\/p><p><strong>Tomada:<\/strong> 11\/2\u201d G, 2\u201d G, 3\u201d G, 4\u201d G<\/p>\t\t\t\t\t\t\t\t<\/div>\n\t\t\t\t<\/div>\n\t\t\t\t<div class=\"elementor-element elementor-element-e80c1ed elementor-align-left elementor-widget elementor-widget-button\" data-id=\"e80c1ed\" data-element_type=\"widget\" data-e-type=\"widget\" data-widget_type=\"button.default\">\n\t\t\t\t<div class=\"elementor-widget-container\">\n\t\t\t\t\t\t\t\t\t<div class=\"elementor-button-wrapper\">\n\t\t\t\t\t<a class=\"elementor-button elementor-button-link elementor-size-md elementor-animation-shrink\" href=\"#elementor-action%3Aaction%3Dpopup%3Aopen%26settings%3DeyJpZCI6IjI1NiIsInRvZ2dsZSI6ZmFsc2V9\">\n\t\t\t\t\t\t<span class=\"elementor-button-content-wrapper\">\n\t\t\t\t\t\t<span class=\"elementor-button-icon\">\n\t\t\t\t<i aria-hidden=\"true\" class=\"fas fa-bolt\"><\/i>\t\t\t<\/span>\n\t\t\t\t\t\t\t\t\t<span class=\"elementor-button-text\">Cota\u00e7\u00e3o instant\u00e2nea<\/span>\n\t\t\t\t\t<\/span>\n\t\t\t\t\t<\/a>\n\t\t\t\t<\/div>\n\t\t\t\t\t\t\t\t<\/div>\n\t\t\t\t<\/div>\n\t\t\t\t\t<\/div>\n\t\t<\/div>\n\t\t\t\t\t<\/div>\n\t\t<\/section>\n\t\t\t\t\t<\/div>\n\t\t<\/div>\n\t\t\t\t\t<\/div>\n\t\t<\/section>\n\t\t\t\t<section class=\"elementor-section elementor-top-section elementor-element elementor-element-4f1a749 elementor-section-boxed elementor-section-height-default elementor-section-height-default\" data-id=\"4f1a749\" data-element_type=\"section\" data-e-type=\"section\">\n\t\t\t\t\t\t<div class=\"elementor-container elementor-column-gap-default\">\n\t\t\t\t\t<div class=\"elementor-column elementor-col-100 elementor-top-column elementor-element elementor-element-4411c62\" data-id=\"4411c62\" data-element_type=\"column\" data-e-type=\"column\">\n\t\t\t<div class=\"elementor-widget-wrap elementor-element-populated\">\n\t\t\t\t\t\t<div class=\"elementor-element elementor-element-b07fd37 elementor-widget elementor-widget-spacer\" data-id=\"b07fd37\" data-element_type=\"widget\" data-e-type=\"widget\" data-widget_type=\"spacer.default\">\n\t\t\t\t<div class=\"elementor-widget-container\">\n\t\t\t\t\t\t\t<div class=\"elementor-spacer\">\n\t\t\t<div class=\"elementor-spacer-inner\"><\/div>\n\t\t<\/div>\n\t\t\t\t\t\t<\/div>\n\t\t\t\t<\/div>\n\t\t\t\t\t<\/div>\n\t\t<\/div>\n\t\t\t\t\t<\/div>\n\t\t<\/section>\n\t\t\t\t<section class=\"elementor-section elementor-top-section elementor-element elementor-element-4dd6307c elementor-section-full_width elementor-section-height-min-height elementor-section-stretched elementor-section-height-default elementor-section-items-middle\" data-id=\"4dd6307c\" data-element_type=\"section\" data-e-type=\"section\" data-settings=\"{&quot;stretch_section&quot;:&quot;section-stretched&quot;,&quot;background_background&quot;:&quot;classic&quot;}\">\n\t\t\t\t\t\t<div class=\"elementor-container elementor-column-gap-no\">\n\t\t\t\t\t<div class=\"elementor-column elementor-col-100 elementor-top-column elementor-element elementor-element-36a99009\" data-id=\"36a99009\" data-element_type=\"column\" data-e-type=\"column\">\n\t\t\t<div class=\"elementor-widget-wrap elementor-element-populated\">\n\t\t\t\t\t\t<div class=\"elementor-element elementor-element-63102b35 elementor-widget elementor-widget-heading\" data-id=\"63102b35\" data-element_type=\"widget\" data-e-type=\"widget\" data-widget_type=\"heading.default\">\n\t\t\t\t<div class=\"elementor-widget-container\">\n\t\t\t\t\t<h1 class=\"elementor-heading-title elementor-size-default\">Economize tempo, dinheiro e trabalho.,<br \/>Irrigue sua fazenda o ano todo!<\/h1>\t\t\t\t<\/div>\n\t\t\t\t<\/div>\n\t\t\t\t<div class=\"elementor-element elementor-element-70f533be elementor-widget-divider--view-line elementor-widget elementor-widget-divider\" data-id=\"70f533be\" data-element_type=\"widget\" data-e-type=\"widget\" data-widget_type=\"divider.default\">\n\t\t\t\t<div class=\"elementor-widget-container\">\n\t\t\t\t\t\t\t<div class=\"elementor-divider\">\n\t\t\t<span class=\"elementor-divider-separator\">\n\t\t\t\t\t\t<\/span>\n\t\t<\/div>\n\t\t\t\t\t\t<\/div>\n\t\t\t\t<\/div>\n\t\t\t\t<div class=\"elementor-element elementor-element-1621c8bf elementor-widget elementor-widget-text-editor\" data-id=\"1621c8bf\" data-element_type=\"widget\" data-e-type=\"widget\" data-widget_type=\"text-editor.default\">\n\t\t\t\t<div class=\"elementor-widget-container\">\n\t\t\t\t\t\t\t\t\t<p class=\"fusion-text fusion-text-10\">Por meio da criatividade, integridade e inova\u00e7\u00e3o<\/p>\t\t\t\t\t\t\t\t<\/div>\n\t\t\t\t<\/div>\n\t\t\t\t<div class=\"elementor-element elementor-element-246be913 elementor-align-center elementor-mobile-align-center elementor-widget elementor-widget-button\" data-id=\"246be913\" data-element_type=\"widget\" data-e-type=\"widget\" data-widget_type=\"button.default\">\n\t\t\t\t<div class=\"elementor-widget-container\">\n\t\t\t\t\t\t\t\t\t<div class=\"elementor-button-wrapper\">\n\t\t\t\t\t<a class=\"elementor-button elementor-button-link elementor-size-lg\" href=\"#elementor-action%3Aaction%3Dpopup%3Aopen%26settings%3DeyJpZCI6IjI1NiIsInRvZ2dsZSI6ZmFsc2V9\">\n\t\t\t\t\t\t<span class=\"elementor-button-content-wrapper\">\n\t\t\t\t\t\t\t\t\t<span class=\"elementor-button-text\">Obtenha uma lista de pre\u00e7os<\/span>\n\t\t\t\t\t<\/span>\n\t\t\t\t\t<\/a>\n\t\t\t\t<\/div>\n\t\t\t\t\t\t\t\t<\/div>\n\t\t\t\t<\/div>\n\t\t\t\t\t<\/div>\n\t\t<\/div>\n\t\t\t\t\t<\/div>\n\t\t<\/section>\n\t\t\t\t<\/div>","protected":false},"excerpt":{"rendered":"<p>Bomba de superf\u00edcie TD (10-90 m\u00b3) Pot\u00eancia da bomba: 1,1\/1,5\/2,2\/3\/4\/5,5\/7,5\/11\/15\/18,5\/22kw Voltagem: 220\/380v Frequ\u00eancia: 50Hz Fluxo: 10-90 m\u00b3\/h Sa\u00edda: 11\/2\u201d G, 2\u201d G, 3\u201d G, 4\u201d G Or\u00e7amento instant\u00e2neo<span class=\"excerpt-hellip\"> [\u2026]<\/span><\/p>","protected":false},"author":10,"featured_media":0,"parent":0,"menu_order":0,"comment_status":"closed","ping_status":"closed","template":"","meta":{"_seopress_robots_primary_cat":"","_seopress_titles_title":"","_seopress_titles_desc":"","_seopress_robots_index":"","om_disable_all_campaigns":false,"_joinchat":[],"footnotes":""},"class_list":["post-805","page","type-page","status-publish","hentry"],"_links":{"self":[{"href":"https:\/\/hobertek.com\/pt\/wp-json\/wp\/v2\/pages\/805","targetHints":{"allow":["GET"]}}],"collection":[{"href":"https:\/\/hobertek.com\/pt\/wp-json\/wp\/v2\/pages"}],"about":[{"href":"https:\/\/hobertek.com\/pt\/wp-json\/wp\/v2\/types\/page"}],"author":[{"embeddable":true,"href":"https:\/\/hobertek.com\/pt\/wp-json\/wp\/v2\/users\/10"}],"replies":[{"embeddable":true,"href":"https:\/\/hobertek.com\/pt\/wp-json\/wp\/v2\/comments?post=805"}],"version-history":[{"count":10,"href":"https:\/\/hobertek.com\/pt\/wp-json\/wp\/v2\/pages\/805\/revisions"}],"predecessor-version":[{"id":1925,"href":"https:\/\/hobertek.com\/pt\/wp-json\/wp\/v2\/pages\/805\/revisions\/1925"}],"wp:attachment":[{"href":"https:\/\/hobertek.com\/pt\/wp-json\/wp\/v2\/media?parent=805"}],"curies":[{"name":"wp","href":"https:\/\/api.w.org\/{rel}","templated":true}]}}