{"id":819,"date":"2021-06-20T15:29:37","date_gmt":"2021-06-20T15:29:37","guid":{"rendered":"http:\/\/hobertek.com\/?page_id=819"},"modified":"2021-12-24T10:30:49","modified_gmt":"2021-12-24T02:30:49","slug":"td-surface-pump-140-400-m%c2%b3","status":"publish","type":"page","link":"https:\/\/hobertek.com\/pt\/td-surface-pump-140-400-m%c2%b3\/","title":{"rendered":"Bomba de superf\u00edcie TD (140-400 m\u00b3)"},"content":{"rendered":"<div data-elementor-type=\"wp-page\" data-elementor-id=\"819\" class=\"elementor elementor-819\">\n\t\t\t\t\t\t\t\t\t<section class=\"elementor-section elementor-top-section elementor-element elementor-element-a259223 elementor-section-full_width elementor-section-stretched elementor-section-height-default elementor-section-height-default\" data-id=\"a259223\" data-element_type=\"section\" data-settings=\"{&quot;stretch_section&quot;:&quot;section-stretched&quot;}\">\n\t\t\t\t\t\t<div class=\"elementor-container elementor-column-gap-default\">\n\t\t\t\t\t<div class=\"elementor-column elementor-col-100 elementor-top-column elementor-element elementor-element-2bb6cbb\" data-id=\"2bb6cbb\" data-element_type=\"column\">\n\t\t\t<div class=\"elementor-widget-wrap elementor-element-populated\">\n\t\t\t\t\t\t\t\t<section class=\"elementor-section elementor-inner-section elementor-element elementor-element-8170a01 elementor-section-boxed elementor-section-height-default elementor-section-height-default\" data-id=\"8170a01\" data-element_type=\"section\">\n\t\t\t\t\t\t<div class=\"elementor-container elementor-column-gap-default\">\n\t\t\t\t\t<div class=\"elementor-column elementor-col-50 elementor-inner-column elementor-element elementor-element-04b6735\" data-id=\"04b6735\" data-element_type=\"column\">\n\t\t\t<div class=\"elementor-widget-wrap elementor-element-populated\">\n\t\t\t\t\t\t\t\t<div class=\"elementor-element elementor-element-f896f4f elementor-widget elementor-widget-image\" data-id=\"f896f4f\" data-element_type=\"widget\" data-widget_type=\"image.default\">\n\t\t\t\t<div class=\"elementor-widget-container\">\n\t\t\t\t\t\t\t\t\t\t\t\t\t\t\t<img decoding=\"async\" width=\"540\" height=\"540\" src=\"https:\/\/hobertek.com\/wp-content\/uploads\/2021\/06\/TD_Surface-pump-e1624264985458.png\" class=\"attachment-large size-large wp-image-809\" alt=\"\" srcset=\"https:\/\/hobertek.com\/wp-content\/uploads\/2021\/06\/TD_Surface-pump-e1624264985458.png 540w, https:\/\/hobertek.com\/wp-content\/uploads\/2021\/06\/TD_Surface-pump-e1624264985458-300x300.png 300w, https:\/\/hobertek.com\/wp-content\/uploads\/2021\/06\/TD_Surface-pump-e1624264985458-150x150.png 150w, https:\/\/hobertek.com\/wp-content\/uploads\/2021\/06\/TD_Surface-pump-e1624264985458-146x146.png 146w, https:\/\/hobertek.com\/wp-content\/uploads\/2021\/06\/TD_Surface-pump-e1624264985458-50x50.png 50w, https:\/\/hobertek.com\/wp-content\/uploads\/2021\/06\/TD_Surface-pump-e1624264985458-75x75.png 75w, https:\/\/hobertek.com\/wp-content\/uploads\/2021\/06\/TD_Surface-pump-e1624264985458-85x85.png 85w, https:\/\/hobertek.com\/wp-content\/uploads\/2021\/06\/TD_Surface-pump-e1624264985458-80x80.png 80w, https:\/\/hobertek.com\/wp-content\/uploads\/2021\/06\/TD_Surface-pump-e1624264985458-90x90.png 90w, https:\/\/hobertek.com\/wp-content\/uploads\/2021\/06\/TD_Surface-pump-e1624264985458-370x370.png 370w\" sizes=\"(max-width: 540px) 100vw, 540px\" \/>\t\t\t\t\t\t\t\t\t\t\t\t\t\t\t<\/div>\n\t\t\t\t<\/div>\n\t\t\t\t\t<\/div>\n\t\t<\/div>\n\t\t\t\t<div class=\"elementor-column elementor-col-50 elementor-inner-column elementor-element elementor-element-04c6edf\" data-id=\"04c6edf\" data-element_type=\"column\">\n\t\t\t<div class=\"elementor-widget-wrap elementor-element-populated\">\n\t\t\t\t\t\t\t\t<div class=\"elementor-element elementor-element-69c5c32 elementor-widget elementor-widget-heading\" data-id=\"69c5c32\" data-element_type=\"widget\" data-widget_type=\"heading.default\">\n\t\t\t\t<div class=\"elementor-widget-container\">\n\t\t\t<h1 class=\"elementor-heading-title elementor-size-default\">Bomba de superf\u00edcie TD (140-400 m\u00b3)<\/h1>\t\t<\/div>\n\t\t\t\t<\/div>\n\t\t\t\t<div class=\"elementor-element elementor-element-c172de9 elementor-widget elementor-widget-spacer\" data-id=\"c172de9\" data-element_type=\"widget\" data-widget_type=\"spacer.default\">\n\t\t\t\t<div class=\"elementor-widget-container\">\n\t\t\t\t\t<div class=\"elementor-spacer\">\n\t\t\t<div class=\"elementor-spacer-inner\"><\/div>\n\t\t<\/div>\n\t\t\t\t<\/div>\n\t\t\t\t<\/div>\n\t\t\t\t<div class=\"elementor-element elementor-element-6432c01 elementor-widget elementor-widget-text-editor\" data-id=\"6432c01\" data-element_type=\"widget\" data-widget_type=\"text-editor.default\">\n\t\t\t\t<div class=\"elementor-widget-container\">\n\t\t\t\t\t\t\t<p><strong>Pot\u00eancia da bomba:<\/strong> 5,5\/7,5\/11\/15\/18,5\/22\/30\/37\/45\/55\/75\/90\/110 kW<\/p><p><strong>Tens\u00e3o:<\/strong> 380 V<\/p><p><strong>Freq\u00fc\u00eancia:<\/strong> 50Hz<\/p><p><strong>Fluxo:<\/strong> 140-400 m\u00b3\/h<\/p><p><strong>Tomada:<\/strong> 5&quot; G, 6&quot; G, 8&quot; G, 10&quot; G<\/p>\t\t\t\t\t\t<\/div>\n\t\t\t\t<\/div>\n\t\t\t\t<div class=\"elementor-element elementor-element-b4f8d77 elementor-align-left elementor-widget elementor-widget-button\" data-id=\"b4f8d77\" data-element_type=\"widget\" data-widget_type=\"button.default\">\n\t\t\t\t<div class=\"elementor-widget-container\">\n\t\t\t\t\t<div class=\"elementor-button-wrapper\">\n\t\t\t<a href=\"#elementor-action%3Aaction%3Dpopup%3Aopen%26settings%3DeyJpZCI6IjI1NiIsInRvZ2dsZSI6ZmFsc2V9\" class=\"elementor-button-link elementor-button elementor-size-md elementor-animation-shrink\" role=\"button\">\n\t\t\t\t\t\t<span class=\"elementor-button-content-wrapper\">\n\t\t\t\t\t\t\t<span class=\"elementor-button-icon elementor-align-icon-right\">\n\t\t\t\t<i aria-hidden=\"true\" class=\"fas fa-bolt\"><\/i>\t\t\t<\/span>\n\t\t\t\t\t\t<span class=\"elementor-button-text\">Cota\u00e7\u00e3o instant\u00e2nea<\/span>\n\t\t<\/span>\n\t\t\t\t\t<\/a>\n\t\t<\/div>\n\t\t\t\t<\/div>\n\t\t\t\t<\/div>\n\t\t\t\t\t<\/div>\n\t\t<\/div>\n\t\t\t\t\t\t\t<\/div>\n\t\t<\/section>\n\t\t\t\t\t<\/div>\n\t\t<\/div>\n\t\t\t\t\t\t\t<\/div>\n\t\t<\/section>\n\t\t\t\t<section class=\"elementor-section elementor-top-section elementor-element elementor-element-25ccab7 elementor-section-boxed elementor-section-height-default elementor-section-height-default\" data-id=\"25ccab7\" data-element_type=\"section\">\n\t\t\t\t\t\t<div class=\"elementor-container elementor-column-gap-default\">\n\t\t\t\t\t<div class=\"elementor-column elementor-col-100 elementor-top-column elementor-element elementor-element-f71484d\" data-id=\"f71484d\" data-element_type=\"column\">\n\t\t\t<div class=\"elementor-widget-wrap elementor-element-populated\">\n\t\t\t\t\t\t\t\t<div class=\"elementor-element elementor-element-eabd6c7 elementor-widget elementor-widget-spacer\" data-id=\"eabd6c7\" data-element_type=\"widget\" data-widget_type=\"spacer.default\">\n\t\t\t\t<div class=\"elementor-widget-container\">\n\t\t\t\t\t<div class=\"elementor-spacer\">\n\t\t\t<div class=\"elementor-spacer-inner\"><\/div>\n\t\t<\/div>\n\t\t\t\t<\/div>\n\t\t\t\t<\/div>\n\t\t\t\t\t<\/div>\n\t\t<\/div>\n\t\t\t\t\t\t\t<\/div>\n\t\t<\/section>\n\t\t\t\t<section class=\"elementor-section elementor-top-section elementor-element elementor-element-6ac422a0 elementor-section-full_width elementor-section-height-min-height elementor-section-stretched elementor-section-height-default elementor-section-items-middle\" data-id=\"6ac422a0\" data-element_type=\"section\" data-settings=\"{&quot;stretch_section&quot;:&quot;section-stretched&quot;,&quot;background_background&quot;:&quot;classic&quot;}\">\n\t\t\t\t\t\t<div class=\"elementor-container elementor-column-gap-no\">\n\t\t\t\t\t<div class=\"elementor-column elementor-col-100 elementor-top-column elementor-element elementor-element-b4b0707\" data-id=\"b4b0707\" data-element_type=\"column\">\n\t\t\t<div class=\"elementor-widget-wrap elementor-element-populated\">\n\t\t\t\t\t\t\t\t<div class=\"elementor-element elementor-element-14e96c3 elementor-widget elementor-widget-heading\" data-id=\"14e96c3\" data-element_type=\"widget\" data-widget_type=\"heading.default\">\n\t\t\t\t<div class=\"elementor-widget-container\">\n\t\t\t<h3 class=\"elementor-heading-title elementor-size-default\">Economize seu tempo, dinheiro e trabalho,<br\/>Irrigue sua fazenda o ano todo!<\/h3>\t\t<\/div>\n\t\t\t\t<\/div>\n\t\t\t\t<div class=\"elementor-element elementor-element-76f36d3 elementor-widget-divider--view-line elementor-widget elementor-widget-divider\" data-id=\"76f36d3\" data-element_type=\"widget\" data-widget_type=\"divider.default\">\n\t\t\t\t<div class=\"elementor-widget-container\">\n\t\t\t\t\t<div class=\"elementor-divider\">\n\t\t\t<span class=\"elementor-divider-separator\">\n\t\t\t\t\t\t<\/span>\n\t\t<\/div>\n\t\t\t\t<\/div>\n\t\t\t\t<\/div>\n\t\t\t\t<div class=\"elementor-element elementor-element-67630de4 elementor-widget elementor-widget-text-editor\" data-id=\"67630de4\" data-element_type=\"widget\" data-widget_type=\"text-editor.default\">\n\t\t\t\t<div class=\"elementor-widget-container\">\n\t\t\t\t\t\t\t<p class=\"fusion-text fusion-text-10\">Por meio da criatividade, integridade e inova\u00e7\u00e3o<\/p>\t\t\t\t\t\t<\/div>\n\t\t\t\t<\/div>\n\t\t\t\t<div class=\"elementor-element elementor-element-4f8d790a elementor-align-center elementor-mobile-align-center elementor-widget elementor-widget-button\" data-id=\"4f8d790a\" data-element_type=\"widget\" data-widget_type=\"button.default\">\n\t\t\t\t<div class=\"elementor-widget-container\">\n\t\t\t\t\t<div class=\"elementor-button-wrapper\">\n\t\t\t<a href=\"#elementor-action%3Aaction%3Dpopup%3Aopen%26settings%3DeyJpZCI6IjI1NiIsInRvZ2dsZSI6ZmFsc2V9\" class=\"elementor-button-link elementor-button elementor-size-lg\" role=\"button\">\n\t\t\t\t\t\t<span class=\"elementor-button-content-wrapper\">\n\t\t\t\t\t\t<span class=\"elementor-button-text\">Obtenha uma lista de pre\u00e7os<\/span>\n\t\t<\/span>\n\t\t\t\t\t<\/a>\n\t\t<\/div>\n\t\t\t\t<\/div>\n\t\t\t\t<\/div>\n\t\t\t\t\t<\/div>\n\t\t<\/div>\n\t\t\t\t\t\t\t<\/div>\n\t\t<\/section>\n\t\t\t\t\t\t\t<\/div>","protected":false},"excerpt":{"rendered":"<p>Bomba de superf\u00edcie TD (140-400 m\u00b3) Pot\u00eancia da bomba: 5,5\/7,5\/11\/15\/18,5\/22\/30\/37\/45\/55\/75\/90\/110kw Voltagem: 380V Frequ\u00eancia: 50Hz Fluxo: 140-400 m\u00b3\/h Sa\u00edda: 5\u201d G, 6\u201d G, 8\u201d G, 10\u201d G Or\u00e7amento instant\u00e2neo<span class=\"excerpt-hellip\"> [\u2026]<\/span><\/p>","protected":false},"author":10,"featured_media":0,"parent":0,"menu_order":0,"comment_status":"closed","ping_status":"closed","template":"","meta":{"_seopress_robots_primary_cat":"","_seopress_titles_title":"","_seopress_titles_desc":"","_seopress_robots_index":"","om_disable_all_campaigns":false,"_joinchat":[],"footnotes":""},"class_list":["post-819","page","type-page","status-publish","hentry"],"_links":{"self":[{"href":"https:\/\/hobertek.com\/pt\/wp-json\/wp\/v2\/pages\/819","targetHints":{"allow":["GET"]}}],"collection":[{"href":"https:\/\/hobertek.com\/pt\/wp-json\/wp\/v2\/pages"}],"about":[{"href":"https:\/\/hobertek.com\/pt\/wp-json\/wp\/v2\/types\/page"}],"author":[{"embeddable":true,"href":"https:\/\/hobertek.com\/pt\/wp-json\/wp\/v2\/users\/10"}],"replies":[{"embeddable":true,"href":"https:\/\/hobertek.com\/pt\/wp-json\/wp\/v2\/comments?post=819"}],"version-history":[{"count":9,"href":"https:\/\/hobertek.com\/pt\/wp-json\/wp\/v2\/pages\/819\/revisions"}],"predecessor-version":[{"id":1931,"href":"https:\/\/hobertek.com\/pt\/wp-json\/wp\/v2\/pages\/819\/revisions\/1931"}],"wp:attachment":[{"href":"https:\/\/hobertek.com\/pt\/wp-json\/wp\/v2\/media?parent=819"}],"curies":[{"name":"wp","href":"https:\/\/api.w.org\/{rel}","templated":true}]}}